{"id":366904,"date":"2024-06-26T15:24:54","date_gmt":"2024-06-26T15:24:54","guid":{"rendered":"https:\/\/kymco.adriabox.com\/proizvod\/agility-carry-125\/"},"modified":"2026-04-22T18:58:08","modified_gmt":"2026-04-22T18:58:08","slug":"agility-carry-125","status":"publish","type":"product","link":"https:\/\/kymco.hr\/sl\/proizvod\/agility-carry-125\/","title":{"rendered":"Agility Carry 125"},"content":{"rendered":"<p>[et_pb_section fb_built=&#8221;1&#8243; _builder_version=&#8221;4.27.6&#8243; _module_preset=&#8221;default&#8221; background_image=&#8221;https:\/\/kymco.hr\/wp-content\/uploads\/2026\/04\/J98A1703_result.webp&#8221; background_enable_video_mp4=&#8221;off&#8221; allow_player_pause=&#8221;on&#8221; custom_padding=&#8221;30px||||false|false&#8221; hover_enabled=&#8221;0&#8243; locked=&#8221;off&#8221; global_colors_info=&#8221;{}&#8221; theme_builder_area=&#8221;post_content&#8221; sticky_enabled=&#8221;0&#8243; title_text=&#8221;J98A1703_result&#8221; background_blend=&#8221;multiply&#8221; background_color=&#8221;rgba(22,22,23,0.33)&#8221;][et_pb_row _builder_version=&#8221;4.25.2&#8243; _module_preset=&#8221;default&#8221; background_enable_image=&#8221;off&#8221; background_enable_video_mp4=&#8221;off&#8221; custom_padding=&#8221;200px||200px||false|false&#8221; global_colors_info=&#8221;{}&#8221; theme_builder_area=&#8221;post_content&#8221;][et_pb_column type=&#8221;4_4&#8243; _builder_version=&#8221;4.25.2&#8243; _module_preset=&#8221;default&#8221; global_colors_info=&#8221;{}&#8221; theme_builder_area=&#8221;post_content&#8221;][et_pb_text _builder_version=&#8221;4.27.6&#8243; _dynamic_attributes=&#8221;content&#8221; _module_preset=&#8221;default&#8221; text_font=&#8221;|||on|||||&#8221; text_text_color=&#8221;#FFFFFF&#8221; text_font_size=&#8221;36px&#8221; text_orientation=&#8221;center&#8221; hover_enabled=&#8221;0&#8243; text_line_height_tablet=&#8221;&#8221; text_line_height_phone=&#8221;1.2em&#8221; text_line_height_last_edited=&#8221;on|phone&#8221; global_colors_info=&#8221;{}&#8221; theme_builder_area=&#8221;post_content&#8221; sticky_enabled=&#8221;0&#8243; text_text_shadow_style=&#8221;preset1&#8243;]@ET-DC@eyJkeW5hbWljIjp0cnVlLCJjb250ZW50IjoicG9zdF90aXRsZSIsInNldHRpbmdzIjp7ImJlZm9yZSI6IiIsImFmdGVyIjoiIiwiZW5hYmxlX2h0bWwiOiJvZmYifX0=@[\/et_pb_text][et_pb_text _builder_version=&#8221;4.27.6&#8243; _module_preset=&#8221;default&#8221; text_font=&#8221;|700|||||||&#8221; text_text_color=&#8221;#FFFFFF&#8221; text_font_size=&#8221;48px&#8221; text_line_height=&#8221;1.4em&#8221; background_enable_image=&#8221;off&#8221; text_orientation=&#8221;center&#8221; hover_enabled=&#8221;0&#8243; text_font_size_tablet=&#8221;48px&#8221; text_font_size_phone=&#8221;30px&#8221; text_font_size_last_edited=&#8221;on|phone&#8221; global_colors_info=&#8221;{}&#8221; theme_builder_area=&#8221;post_content&#8221; sticky_enabled=&#8221;0&#8243; text_text_shadow_style=&#8221;preset1&#8243;]<\/p>\n<p><span style=\"font-weight: 400;\">Idealno za profesionalne dostavljavce<\/span><\/p>\n<p>[\/et_pb_text][\/et_pb_column][\/et_pb_row][\/et_pb_section][et_pb_section fb_built=&#8221;1&#8243; _builder_version=&#8221;4.25.0&#8243; _module_preset=&#8221;default&#8221; custom_padding=&#8221;80px||80px||true|false&#8221; global_colors_info=&#8221;{}&#8221; theme_builder_area=&#8221;post_content&#8221;][et_pb_row column_structure=&#8221;3_5,2_5&#8243; _builder_version=&#8221;4.27.0&#8243; _module_preset=&#8221;8e58ba1a-45ce-4c12-8a8a-44e0d5f1e3db&#8221; global_colors_info=&#8221;{}&#8221; theme_builder_area=&#8221;post_content&#8221;][et_pb_column type=&#8221;3_5&#8243; _builder_version=&#8221;4.24.2&#8243; _module_preset=&#8221;default&#8221; global_colors_info=&#8221;{}&#8221; theme_builder_area=&#8221;post_content&#8221;][et_pb_wc_title _builder_version=&#8221;4.27.0&#8243; _module_preset=&#8221;default&#8221; header_font=&#8221;|800||on|||||&#8221; header_text_color=&#8221;#FFFFFF&#8221; header_font_size=&#8221;38px&#8221; header_font_size_tablet=&#8221;38px&#8221; header_font_size_phone=&#8221;30px&#8221; header_font_size_last_edited=&#8221;on|phone&#8221; global_colors_info=&#8221;{}&#8221; theme_builder_area=&#8221;post_content&#8221;][\/et_pb_wc_title][et_pb_text _builder_version=&#8221;4.25.1&#8243; _dynamic_attributes=&#8221;content&#8221; _module_preset=&#8221;ac27bd0e-fc96-4ea6-bc98-f2d1182ae3d7&#8243; custom_css_free_form=&#8221;selector a {|| color: white;|| background-color: #26262E;|| padding: 10px;|| border-radius: 20px;|| font-weight: 500;|| transition: background-color 0.15s ease-in-out;||}||||selector a:hover {|| background-color: #33333d||}&#8221; global_colors_info=&#8221;{}&#8221; theme_builder_area=&#8221;post_content&#8221;]@ET-DC@eyJkeW5hbWljIjp0cnVlLCJjb250ZW50IjoicG9zdF9jYXRlZ29yaWVzIiwic2V0dGluZ3MiOnsiYmVmb3JlIjoiIiwiYWZ0ZXIiOiIiLCJsaW5rX3RvX3Rlcm1fcGFnZSI6Im9uIiwic2VwYXJhdG9yIjoiICIsImNhdGVnb3J5X3R5cGUiOiJwcm9kdWN0X2NhdCIsImVuYWJsZV9odG1sIjoib2ZmIn19@[\/et_pb_text][et_pb_text _builder_version=&#8221;4.27.0&#8243; _module_preset=&#8221;default&#8221; text_font=&#8221;|700|||||||&#8221; text_font_size=&#8221;18px&#8221; header_font=&#8221;|700|||||||&#8221; header_font_size=&#8221;45px&#8221; background_layout=&#8221;dark&#8221; text_font_size_tablet=&#8221;18px&#8221; text_font_size_phone=&#8221;15px&#8221; text_font_size_last_edited=&#8221;on|phone&#8221; custom_css_free_form=&#8221;selector .flex{|| display: flex;|| margin-bottom: 20px;||}||selector h6{|| background-color:#26262E;|| padding: 10px;|| border-radius:20px;|| margin: 5px;||}&#8221; global_colors_info=&#8221;{}&#8221; theme_builder_area=&#8221;post_content&#8221;]<\/p>\n<p style=\"text-align: left;\">Agility Carry 125 je skuter, znan po svoji prakti\u010dnosti in zanesljivosti, idealen za profesionalne dostavljavce. Z novim motorjem Euro 5 je ta model okolju prijaznej\u0161i, saj je emisije CO2 zmanj\u0161al na 55 g\/km. Skuter je opremljen s tremi uporabnimi prtlja\u017enimi povr\u0161inami: dvema masivnima prtlja\u017enikoma (spredaj in zadaj) iz jeklenih cevi, torbo pred sede\u017eem in prakti\u010dnim predalom pod sede\u017eem. Maksimalna nosilnost, brez voznika, je 40 kg.   <\/p>\n<p>[\/et_pb_text][et_pb_wc_price _builder_version=&#8221;4.25.1&#8243; _module_preset=&#8221;default&#8221; body_font=&#8221;|800|||||||&#8221; body_text_color=&#8221;#EC1B23&#8243; global_colors_info=&#8221;{}&#8221; theme_builder_area=&#8221;post_content&#8221;][\/et_pb_wc_price][et_pb_text module_class=&#8221;cijene-disclamer&#8221; _builder_version=&#8221;4.27.5&#8243; _module_preset=&#8221;default&#8221; text_text_color=&#8221;#b7b7b7&#8243; max_width=&#8221;70%&#8221; max_width_tablet=&#8221;90%&#8221; max_width_last_edited=&#8221;on|tablet&#8221; global_module=&#8221;367317&#8243; global_colors_info=&#8221;{}&#8221; theme_builder_area=&#8221;post_content&#8221; max_width_phone=&#8221;90%&#8221;]<\/p>\n<p>Istaknute cijene su informativne i preporu\u010dene za gotovinsko pla\u0107anje ili pla\u0107anje transakcijskim ra\u010dunom.<\/p>\n<p>[\/et_pb_text][\/et_pb_column][et_pb_column type=&#8221;2_5&#8243; _builder_version=&#8221;4.24.2&#8243; _module_preset=&#8221;default&#8221; global_colors_info=&#8221;{}&#8221; theme_builder_area=&#8221;post_content&#8221;][\/et_pb_column][\/et_pb_row][et_pb_row column_structure=&#8221;2_5,3_5&#8243; _builder_version=&#8221;4.27.0&#8243; _module_preset=&#8221;93a6354a-bcd0-4dfe-ab33-ab381d4f42a5&#8243; global_colors_info=&#8221;{}&#8221; theme_builder_area=&#8221;post_content&#8221;][et_pb_column type=&#8221;2_5&#8243; _builder_version=&#8221;4.24.2&#8243; _module_preset=&#8221;default&#8221; global_colors_info=&#8221;{}&#8221; theme_builder_area=&#8221;post_content&#8221;][et_pb_text _builder_version=&#8221;4.26.0&#8243; _module_preset=&#8221;default&#8221; text_font_size=&#8221;16px&#8221; header_3_font=&#8221;|700|||||||&#8221; header_3_text_color=&#8221;gcid-302e8376-19a1-4c1b-babf-2be19f941b90&#8243; header_3_line_height=&#8221;1.8em&#8221; custom_margin=&#8221;||0px||false|false&#8221; global_colors_info=&#8221;{%22gcid-302e8376-19a1-4c1b-babf-2be19f941b90%22:%91%22header_3_text_color%22%93}&#8221; theme_builder_area=&#8221;post_content&#8221;]<\/p>\n<h3>Za koga je AGILITY CARRY 150?<\/h3>\n<ul>\n<li>\u010ce \u017eelite imeti prakti\u010den skuter z robustno zasnovo in zanesljivim delovanjem.<\/li>\n<li>\u010ce \u017eelite vsak dan potovati po mestnih ulicah in imeti dovolj prostora za prevoz tovora.<\/li>\n<li>\u010ce so vam pomembna funkcionalnost, nosilnost in ekonomi\u010dnost, je Agility Carry 150 idealen za vas.<\/li>\n<\/ul>\n<p>[\/et_pb_text][\/et_pb_column][et_pb_column type=&#8221;3_5&#8243; _builder_version=&#8221;4.25.1&#8243; _module_preset=&#8221;default&#8221; positioning=&#8221;none&#8221; global_colors_info=&#8221;{}&#8221; theme_builder_area=&#8221;post_content&#8221;][dondivi_tabs tabs_position=&#8221;column-reverse&#8221; tabs_background_color=&#8221;RGBA(255,255,255,0)&#8221; tabs_active_background_color=&#8221;RGBA(255,255,255,0)&#8221; tabs_align=&#8221;justified&#8221; tabs_vertical_align=&#8221;center&#8221; force_fullwidth=&#8221;on&#8221; tabs_gap=&#8221;10px&#8221; wrapper_gap=&#8221;0px&#8221; _builder_version=&#8221;4.27.0&#8243; _module_preset=&#8221;default&#8221; tab_title_font=&#8221;||||||||&#8221; background_color=&#8221;RGBA(255,255,255,0)&#8221; custom_margin=&#8221;-250px||||false|false&#8221; custom_margin_tablet=&#8221;0px||||false|false&#8221; custom_margin_phone=&#8221;-130px||||false|false&#8221; custom_margin_last_edited=&#8221;on|tablet&#8221; custom_padding=&#8221;0px||||false|false&#8221; border_color_all=&#8221;#161617&#8243; border_radii_tab=&#8221;on|0px|0px|0px|0px&#8221; border_color_all_tab=&#8221;#161617&#8243; border_radii_content=&#8221;on|0px|0px|0px|0px&#8221; border_width_all_content=&#8221;0px&#8221; border_color_all_content=&#8221;#161617&#8243; locked=&#8221;off&#8221; global_colors_info=&#8221;{}&#8221; tabs_background_color__hover_enabled=&#8221;on|desktop&#8221; tabs_background_color__hover=&#8221;rgba(19,19,28,0.15)&#8221; theme_builder_area=&#8221;post_content&#8221;][dondivi_tab title=&#8221;BELA&#8221; item_icon_image=&#8221;icon&#8221; item_font_icon=&#8221;\uf111||fa||900&#8243; text_horizontal_align=&#8221;center&#8221; text_vertical_align=&#8221;center&#8221; item_icon_color=&#8221;rgba(232,226,213,0.47)&#8221; item_icon_width=&#8221;48px&#8221; item_icon_alignment=&#8221;center&#8221; item_gap=&#8221;0px&#8221; cc_icon_image=&#8221;image&#8221; cc_image=&#8221;https:\/\/kymco.hr\/wp-content\/uploads\/2024\/08\/carry_r45-1380&#215;920-c-center.webp&#8221; cc_image_width=&#8221;70%&#8221; cc_image_width_tablet=&#8221;70%&#8221; cc_image_width_phone=&#8221;100%&#8221; cc_image_width_last_edited=&#8221;on|phone&#8221; _builder_version=&#8221;4.27.0&#8243; _module_preset=&#8221;default&#8221; tab_title_font=&#8221;|700||on|||||&#8221; subtitle_font=&#8221;|700|||||||&#8221; title_text_align=&#8221;left&#8221; background_color=&#8221;rgba(255,255,255,0)&#8221; background_enable_color=&#8221;on&#8221; custom_button=&#8221;on&#8221; button_text_size=&#8221;16px&#8221; button_text_color=&#8221;#13131C&#8221; button_border_width=&#8221;2px&#8221; button_border_color=&#8221;#161617&#8243; button_use_icon=&#8221;off&#8221; border_color_all=&#8221;#161617&#8243; global_colors_info=&#8221;{}&#8221; button_bg_color__hover_enabled=&#8221;on|hover&#8221; button_bg_color__hover=&#8221;#DD1B00&#8243; button_bg_enable_color__hover=&#8221;on&#8221; button_text_color__hover_enabled=&#8221;on|hover&#8221; button_text_color__hover=&#8221;#FFFFFF&#8221; button_border_color__hover_enabled=&#8221;on|hover&#8221; button_border_color__hover=&#8221;#FFFFFF&#8221; theme_builder_area=&#8221;post_content&#8221;][\/dondivi_tab][\/dondivi_tabs][\/et_pb_column][\/et_pb_row][\/et_pb_section][et_pb_section fb_built=&#8221;1&#8243; _builder_version=&#8221;4.25.2&#8243; _module_preset=&#8221;default&#8221; background_color=&#8221;#13131C&#8221; custom_padding=&#8221;80px||80px||true|false&#8221; global_colors_info=&#8221;{}&#8221; theme_builder_area=&#8221;post_content&#8221;][et_pb_row _builder_version=&#8221;4.25.0&#8243; _module_preset=&#8221;default&#8221; global_colors_info=&#8221;{}&#8221; theme_builder_area=&#8221;post_content&#8221;][et_pb_column type=&#8221;4_4&#8243; _builder_version=&#8221;4.25.0&#8243; _module_preset=&#8221;default&#8221; global_colors_info=&#8221;{}&#8221; theme_builder_area=&#8221;post_content&#8221;][et_pb_text _builder_version=&#8221;4.25.1&#8243; _module_preset=&#8221;default&#8221; text_text_color=&#8221;#FFFFFF&#8221; header_3_font=&#8221;|700|||||||&#8221; header_3_text_color=&#8221;#FFFFFF&#8221; header_3_font_size=&#8221;30px&#8221; header_4_font=&#8221;|700|||||||&#8221; header_4_text_color=&#8221;gcid-302e8376-19a1-4c1b-babf-2be19f941b90&#8243; custom_margin=&#8221;||||false|false&#8221; global_colors_info=&#8221;{%22gcid-302e8376-19a1-4c1b-babf-2be19f941b90%22:%91%22header_4_text_color%22%93}&#8221; theme_builder_area=&#8221;post_content&#8221;]<\/p>\n<h4 style=\"text-align: center;\"><\/h4>\n<h3 style=\"text-align: center;\">PODROBNOSTI MODELA<\/h3>\n<p>[\/et_pb_text][\/et_pb_column][\/et_pb_row][et_pb_row _builder_version=&#8221;4.27.4&#8243; _module_preset=&#8221;default&#8221; custom_padding=&#8221;10px|10px|10px|10px|true|true&#8221; global_module=&#8221;367105&#8243; locked=&#8221;off&#8221; global_colors_info=&#8221;{}&#8221; theme_builder_area=&#8221;post_content&#8221;][et_pb_column type=&#8221;4_4&#8243; _builder_version=&#8221;4.27.4&#8243; _module_preset=&#8221;default&#8221; global_colors_info=&#8221;{}&#8221; theme_builder_area=&#8221;post_content&#8221;][et_pb_text _builder_version=&#8221;4.27.4&#8243; _module_preset=&#8221;default&#8221; text_font=&#8221;||on||||||&#8221; text_text_color=&#8221;#888888&#8243; text_font_size=&#8221;12px&#8221; text_orientation=&#8221;center&#8221; background_layout=&#8221;dark&#8221; custom_margin=&#8221;||0px||false|false&#8221; global_colors_info=&#8221;{}&#8221; theme_builder_area=&#8221;post_content&#8221;]<\/p>\n<p>FOTOGRAFIJE VOZIL SO INFORMATIVNE NARAVE IN LAHKO VSEBUJEJO ORIGINALNO IN NEORIGINALNO DODATNO OPREMO, VOZILA PA SO LAHKO V BARVAH, KI NISO NA VOLJO NA NA\u0160EM TRGU. ZA TO\u010cEN SEZNAM DODATNE OPREME IN RAZPOLO\u017dLJIVE BARVE KONTAKTIRAJTE POOBLA\u0160\u010cENEGA PRODAJALCA ALI DISTRIBUTERJA. <\/p>\n<p>[\/et_pb_text][\/et_pb_column][\/et_pb_row][et_pb_row _builder_version=&#8221;4.25.1&#8243; _module_preset=&#8221;default&#8221; global_colors_info=&#8221;{}&#8221; theme_builder_area=&#8221;post_content&#8221;][et_pb_column type=&#8221;4_4&#8243; _builder_version=&#8221;4.25.1&#8243; _module_preset=&#8221;default&#8221; global_colors_info=&#8221;{}&#8221; theme_builder_area=&#8221;post_content&#8221;][dondivi_gallery gallery_ids=&#8221;365856,365730,365731,365729,365858,365850,365854,365855,365857,365852,367398,367396,367392,367394&#8243; image_count=&#8221;6&#8243; show_pagination=&#8221;off&#8221; image_zoom=&#8221;on&#8221; on_click=&#8221;lightbox&#8221; lightbox_title=&#8221;off&#8221; lightbox_caption=&#8221;off&#8221; featured_span=&#8221;0&#8243; layout_columns_tablet=&#8221;2&#8243; layout_columns_phone=&#8221;1&#8243; layout_columns_last_edited=&#8221;on|tablet&#8221; _builder_version=&#8221;4.27.6&#8243; _module_preset=&#8221;default&#8221; hover_enabled=&#8221;0&#8243; border_width_all_filter=&#8221;2px&#8221; border_color_all_filter=&#8221;#FFFFFF&#8221; global_colors_info=&#8221;{}&#8221; filter_background_color__hover_enabled=&#8221;on|hover&#8221; filter_background_color__hover=&#8221;#FFFFFF&#8221; filter_text_color__hover_enabled=&#8221;on|hover&#8221; filter_text_color__hover=&#8221;#161617&#8243; theme_builder_area=&#8221;post_content&#8221; sticky_enabled=&#8221;0&#8243;][\/dondivi_gallery][\/et_pb_column][\/et_pb_row][\/et_pb_section][et_pb_section fb_built=&#8221;1&#8243; _builder_version=&#8221;4.25.0&#8243; _module_preset=&#8221;default&#8221; background_color=&#8221;#FFFFFF&#8221; custom_padding=&#8221;80px||80px||true|false&#8221; global_colors_info=&#8221;{}&#8221; theme_builder_area=&#8221;post_content&#8221;][et_pb_row _builder_version=&#8221;4.27.0&#8243; _module_preset=&#8221;default&#8221; width_tablet=&#8221;&#8221; width_phone=&#8221;95%&#8221; width_last_edited=&#8221;on|phone&#8221; global_colors_info=&#8221;{}&#8221; theme_builder_area=&#8221;post_content&#8221;][et_pb_column type=&#8221;4_4&#8243; _builder_version=&#8221;4.25.0&#8243; _module_preset=&#8221;default&#8221; global_colors_info=&#8221;{}&#8221; theme_builder_area=&#8221;post_content&#8221;][et_pb_text _builder_version=&#8221;4.27.0&#8243; _module_preset=&#8221;default&#8221; header_3_font=&#8221;|700|||||||&#8221; header_3_font_size=&#8221;30px&#8221; header_4_font=&#8221;|700|||||||&#8221; header_4_text_color=&#8221;gcid-302e8376-19a1-4c1b-babf-2be19f941b90&#8243; custom_margin=&#8221;||||false|false&#8221; custom_padding=&#8221;||||false|true&#8221; custom_padding_tablet=&#8221;||||false|true&#8221; custom_padding_phone=&#8221;|5%||5%|false|true&#8221; custom_padding_last_edited=&#8221;on|phone&#8221; global_colors_info=&#8221;{%22gcid-302e8376-19a1-4c1b-babf-2be19f941b90%22:%91%22header_4_text_color%22%93}&#8221; theme_builder_area=&#8221;post_content&#8221;]<\/p>\n<h3 style=\"text-align: left;\">TEHNI\u010cNE SPECIFIKACIJE<\/h3>\n<p>[\/et_pb_text][et_pb_text _builder_version=&#8221;4.27.0&#8243; _module_preset=&#8221;default&#8221; global_colors_info=&#8221;{}&#8221; theme_builder_area=&#8221;post_content&#8221;]  <div class=\"tech-specs\">\r\n    <table>\r\n      <tbody>\r\n        <tr>\r\n          <th class=\"tech-specs__title\" colspan=\"2\">Motor \/ Agregat<\/th>\r\n        <\/tr>\r\n                  <tr>\r\n            <td>Tip Motora<\/td>\r\n            <td>125 cm\u00b3, 1 valj, 4-taktni<\/td>\r\n          <\/tr>\r\n                          <tr>\r\n            <td>Sustav Hla\u0111enja<\/td>\r\n            <td>Zra\u010dno<\/td>\r\n          <\/tr>\r\n                                  <tr>\r\n            <td>Max Snaga (kW\/okr)<\/td>\r\n            <td>7.2 \/ 8500<\/td>\r\n          <\/tr>\r\n                          <tr>\r\n            <td>Max Okret (Nm\/okr)<\/td>\r\n            <td>8.9 \/ 6500<\/td>\r\n          <\/tr>\r\n                          <tr>\r\n            <td>Prijenos<\/td>\r\n            <td>CVT (Avtomatski)<\/td>\r\n          <\/tr>\r\n                          <tr>\r\n            <td>Spremnik Goriva<\/td>\r\n            <td>5.5 l<\/td>\r\n          <\/tr>\r\n              <\/tbody>\r\n    <\/table>\r\n    <table>\r\n      <tbody>\r\n        <tr>\r\n          <th class=\"tech-specs__title\" colspan=\"2\">Vozilo<\/th>\r\n        <\/tr>\r\n                  <tr>\r\n            <td>Dimenzije (D\/\u0160\/V)<\/td>\r\n            <td>1925x685x1130<\/td>\r\n          <\/tr>\r\n                          <tr>\r\n            <td>Me\u0111uosovinski Razmak<\/td>\r\n            <td>1310 mm<\/td>\r\n          <\/tr>\r\n                          <tr>\r\n            <td>Visina Sjedala<\/td>\r\n            <td>780 mm<\/td>\r\n          <\/tr>\r\n                          <tr>\r\n            <td>Prednji ovjes<\/td>\r\n            <td>Teleskopski<\/td>\r\n          <\/tr>\r\n                          <tr>\r\n            <td>Stra\u017enji ovjes<\/td>\r\n            <td>Mono amortizer<\/td>\r\n          <\/tr>\r\n                          <tr>\r\n            <td>Prednja Guma<\/td>\r\n            <td>120\/70-12<\/td>\r\n          <\/tr>\r\n                          <tr>\r\n            <td>Stra\u017enja Guma<\/td>\r\n            <td>130\/70-12<\/td>\r\n          <\/tr>\r\n                          <tr>\r\n            <td>Sustav Ko\u010denja Ispred<\/td>\r\n            <td>Disk <\/td>\r\n          <\/tr>\r\n                          <tr>\r\n            <td>Sustav Ko\u010denja Iza<\/td>\r\n            <td>Boben<\/td>\r\n          <\/tr>\r\n                          <tr>\r\n            <td>Te\u017eina<\/td>\r\n            <td>105 kg<\/td>\r\n          <\/tr>\r\n              <\/tbody>\r\n    <\/table>\r\n  <\/div>\r\n  [\/et_pb_text][\/et_pb_column][\/et_pb_row][\/et_pb_section][et_pb_section fb_built=&#8221;1&#8243; _builder_version=&#8221;4.25.0&#8243; _module_preset=&#8221;default&#8221; background_color=&#8221;#13131C&#8221; use_background_color_gradient=&#8221;on&#8221; background_color_gradient_stops=&#8221;rgba(19,19,28,0.59) 0%|rgba(19,19,28,0.82) 99%&#8221; background_color_gradient_overlays_image=&#8221;on&#8221; background_image=&#8221;https:\/\/kymco.hr\/wp-content\/uploads\/2024\/03\/o_nama_banner.webp&#8221; custom_padding=&#8221;80px||80px||true|false&#8221; global_module=&#8221;364526&#8243; saved_tabs=&#8221;all&#8221; global_colors_info=&#8221;{}&#8221; theme_builder_area=&#8221;post_content&#8221;][et_pb_row column_structure=&#8221;3_4,1_4&#8243; make_equal=&#8221;on&#8221; _builder_version=&#8221;4.26.0&#8243; _module_preset=&#8221;default&#8221; custom_css_main_element=&#8221;align-items: flex-end;&#8221; global_colors_info=&#8221;{}&#8221; theme_builder_area=&#8221;post_content&#8221;][et_pb_column type=&#8221;3_4&#8243; _builder_version=&#8221;4.25.0&#8243; _module_preset=&#8221;default&#8221; global_colors_info=&#8221;{}&#8221; theme_builder_area=&#8221;post_content&#8221;][et_pb_text _builder_version=&#8221;4.27.0&#8243; _module_preset=&#8221;default&#8221; text_font=&#8221;&#8211;et_global_body_font|600|||||||&#8221; text_text_color=&#8221;#FFFFFF&#8221; header_font_size=&#8221;25px&#8221; header_2_font=&#8221;|700|||||||&#8221; header_2_text_color=&#8221;#FFFFFF&#8221; header_2_font_size=&#8221;45px&#8221; header_3_text_color=&#8221;#FFFFFF&#8221; header_4_font=&#8221;|600|||||||&#8221; header_4_text_color=&#8221;#DD1B00&#8243; custom_padding=&#8221;0px||0px||false|false&#8221; animation_style=&#8221;fade&#8221; header_2_font_size_tablet=&#8221;45px&#8221; header_2_font_size_phone=&#8221;35px&#8221; header_2_font_size_last_edited=&#8221;on|phone&#8221; header_2_line_height_tablet=&#8221;&#8221; header_2_line_height_phone=&#8221;1.2em&#8221; header_2_line_height_last_edited=&#8221;on|phone&#8221; locked=&#8221;off&#8221; global_colors_info=&#8221;{}&#8221; theme_builder_area=&#8221;post_content&#8221;]<\/p>\n<h2 class=\"c-board__title c-subtitle\">Poi\u0161\u010dite svoj Kymco skuter<\/h2>\n<p>Kliknite tukaj, da poi\u0161\u010dete najbli\u017ejega distributerja Kymco skuterjev in za\u010dnite svoje potovanje z nami!<\/p>\n<p>[\/et_pb_text][\/et_pb_column][et_pb_column type=&#8221;1_4&#8243; _builder_version=&#8221;4.26.0&#8243; _module_preset=&#8221;default&#8221; custom_css_main_element=&#8221;margin:auto;&#8221; global_colors_info=&#8221;{}&#8221; theme_builder_area=&#8221;post_content&#8221;][et_pb_button button_url=&#8221;@ET-DC@eyJkeW5hbWljIjp0cnVlLCJjb250ZW50IjoicG9zdF9saW5rX3VybF9wYWdlIiwic2V0dGluZ3MiOnsicG9zdF9pZCI6IjM2MzU4OCIsImVuYWJsZV9odG1sIjoib2ZmIn19@&#8221; button_text=&#8221;Poi\u0161\u010dite distributerja&#8221; button_alignment=&#8221;right&#8221; button_alignment_tablet=&#8221;right&#8221; button_alignment_phone=&#8221;center&#8221; button_alignment_last_edited=&#8221;on|phone&#8221; _builder_version=&#8221;4.27.4&#8243; _dynamic_attributes=&#8221;button_url&#8221; _module_preset=&#8221;default&#8221; button_border_width=&#8221;0px&#8221; button_font=&#8221;|600|||||||&#8221; custom_padding=&#8221;8px|20px|8px|20px|true|true&#8221; global_colors_info=&#8221;{}&#8221; theme_builder_area=&#8221;post_content&#8221;][\/et_pb_button][\/et_pb_column][\/et_pb_row][\/et_pb_section]<\/p>\n","protected":false},"excerpt":{"rendered":"<p>Idealno za profesionalne dostavljavceAgility Carry 125 je skuter, znan po svoji prakti\u010dnosti in zanesljivosti, idealen za profesionalne dostavljavce. Z novim motorjem Euro 5 je ta model okolju prijaznej\u0161i, saj je emisije CO2 zmanj\u0161al na 55 g\/km. Skuter je opremljen s tremi uporabnimi prtlja\u017enimi povr\u0161inami: dvema masivnima prtlja\u017enikoma (spredaj in zadaj) iz jeklenih cevi, torbo pred sede\u017eem in prakti\u010dnim predalom pod sede\u017eem. Maksimalna nosilnost, brez voznika, je 40 kg. Istaknute cijene su informativne i preporu\u010dene za gotovinsko pla\u0107anje ili pla\u0107anje transakcijskim ra\u010dunom. Za koga je AGILITY CARRY 150? \u010ce \u017eelite imeti prakti\u010den skuter z robustno zasnovo in zanesljivim delovanjem. \u010ce \u017eelite vsak dan potovati po mestnih ulicah in imeti dovolj prostora za prevoz tovora. \u010ce so vam pomembna funkcionalnost, nosilnost in ekonomi\u010dnost, je Agility Carry 150 idealen za vas. <div class=\"et_pb_with_border et_pb_module dondivi_tabs dondivi_tabs_0\">\n\t\t\t\t\n\t\t\t\t\n\t\t\t\t\n\t\t\t\t\n\t\t\t\t\n\t\t\t\t\n\t\t\t\t<div class=\"et_pb_module_inner\">\n\t\t\t\t\t<div class=\"ddb-tabs-wrapper ddb-f\"><div data-effect-out=\"fade\" data-intensity-out=\"100\" data-effect-ms=\"1000\" class=\"ddb-tabs ddb-f ddb-fw\"><div data-content=\"dondivi_tab_0\" class=\"ddb-tab active ddb-btn ddb-f ddb-p-m ddb-bss dondivi_tab_0_tab\"><span tabindex=\"0\" aria-label=\"Icon\" class=\"ddb-icon notranslate\">\uf111<\/span><div class=\"ddb-tab-text ddb-f ddb-column ddb-100\"><div class=\"ddb-tab-title\">BELA<\/div><\/div><\/div><\/div><div class=\"ddb-tab-content ddb-f\"><div class=\"et_pb_with_border et_pb_module dondivi_tab dondivi_tab_0\">\n\t\t\t\t\n\t\t\t\t\n\t\t\t\t\n\t\t\t\t\n\t\t\t\t\n\t\t\t\t\n\t\t\t\t<div class=\"et_pb_module_inner\">\n\t\t\t\t\t<div class=\"ddb-tab-content-inner\"><div class=\"ddb-custom-content ddb-f\"><img decoding=\"async\" alt=\"\" src=\"https:\/\/kymco.hr\/wp-content\/uploads\/2024\/08\/carry_r45-1380x920-c-center.webp\" srcset=\"https:\/\/kymco.hr\/wp-content\/uploads\/2024\/08\/carry_r45-1380x920-c-center.webp 1380w, https:\/\/kymco.hr\/wp-content\/uploads\/2024\/08\/carry_r45-1380x920-c-center-1280x853.webp 1280w, https:\/\/kymco.hr\/wp-content\/uploads\/2024\/08\/carry_r45-1380x920-c-center-980x653.webp 980w, https:\/\/kymco.hr\/wp-content\/uploads\/2024\/08\/carry_r45-1380x920-c-center-480x320.webp 480w\" sizes=\"(min-width: 0px) and (max-width: 480px) 480px, (min-width: 481px) and (max-width: 980px) 980px, (min-width: 981px) and (max-width: 1280px) 1280px, (min-width: 1281px) 1380px, 100vw\" class=\"ddb-content-image-icon ddb-bss\" \/><div class=\"ddb-content\"><\/div><\/div><\/div>\n\t\t\t\t<\/div>\n\t\t\t<\/div><\/div><\/div>\n\t\t\t\t<\/div>\n\t\t\t<\/div> PODROBNOSTI MODELA FOTOGRAFIJE VOZIL SO [&hellip;]<\/p>\n","protected":false},"featured_media":366553,"template":"","meta":{"_acf_changed":false,"_et_pb_use_builder":"on","_et_pb_old_content":"","_et_gb_content_width":""},"product_brand":[],"product_cat":[66],"product_tag":[],"class_list":{"0":"post-366904","1":"product","2":"type-product","3":"status-publish","4":"has-post-thumbnail","6":"product_cat-skuterji-do-200cc","8":"first","9":"instock","10":"sale","11":"shipping-taxable","12":"purchasable","13":"product-type-simple"},"acf":[],"_links":{"self":[{"href":"https:\/\/kymco.hr\/sl\/wp-json\/wp\/v2\/product\/366904","targetHints":{"allow":["GET"]}}],"collection":[{"href":"https:\/\/kymco.hr\/sl\/wp-json\/wp\/v2\/product"}],"about":[{"href":"https:\/\/kymco.hr\/sl\/wp-json\/wp\/v2\/types\/product"}],"wp:featuredmedia":[{"embeddable":true,"href":"https:\/\/kymco.hr\/sl\/wp-json\/wp\/v2\/media\/366553"}],"wp:attachment":[{"href":"https:\/\/kymco.hr\/sl\/wp-json\/wp\/v2\/media?parent=366904"}],"wp:term":[{"taxonomy":"product_brand","embeddable":true,"href":"https:\/\/kymco.hr\/sl\/wp-json\/wp\/v2\/product_brand?post=366904"},{"taxonomy":"product_cat","embeddable":true,"href":"https:\/\/kymco.hr\/sl\/wp-json\/wp\/v2\/product_cat?post=366904"},{"taxonomy":"product_tag","embeddable":true,"href":"https:\/\/kymco.hr\/sl\/wp-json\/wp\/v2\/product_tag?post=366904"}],"curies":[{"name":"wp","href":"https:\/\/api.w.org\/{rel}","templated":true}]}}