{"id":366877,"date":"2024-03-20T21:26:16","date_gmt":"2024-03-20T21:26:16","guid":{"rendered":"https:\/\/kymco.adriabox.com\/o-kymcu\/"},"modified":"2025-01-06T13:19:58","modified_gmt":"2025-01-06T13:19:58","slug":"o-kymcu","status":"publish","type":"page","link":"https:\/\/kymco.hr\/sl\/o-kymcu\/","title":{"rendered":"O Kymcu"},"content":{"rendered":"<p>[et_pb_section fb_built=&#8221;1&#8243; _builder_version=&#8221;4.27.0&#8243; _module_preset=&#8221;default&#8221; background_color=&#8221;rgba(66,66,66,0.48)&#8221; background_image=&#8221;https:\/\/kymco.hr\/wp-content\/uploads\/2024\/03\/o_kymcu_banner.webp&#8221; background_blend=&#8221;multiply&#8221; custom_padding=&#8221;30px||200px||false|false&#8221; hover_enabled=&#8221;0&#8243; locked=&#8221;off&#8221; global_colors_info=&#8221;{}&#8221; sticky_enabled=&#8221;0&#8243; background_last_edited=&#8221;on|phone&#8221; background_position_phone=&#8221;center&#8221; background_size_phone=&#8221;cover&#8221; title_text=&#8221;o_kymcu_banner&#8221; background_image_phone=&#8221;https:\/\/kymco.hr\/wp-content\/uploads\/2024\/12\/o_kymcu_banner.webp&#8221; background_enable_image_phone=&#8221;on&#8221;][et_pb_row _builder_version=&#8221;4.24.2&#8243; _module_preset=&#8221;default&#8221; custom_margin=&#8221;||||false|false&#8221; custom_padding=&#8221;0px||||false|false&#8221; global_colors_info=&#8221;{}&#8221;][et_pb_column type=&#8221;4_4&#8243; _builder_version=&#8221;4.24.2&#8243; _module_preset=&#8221;default&#8221; global_colors_info=&#8221;{}&#8221;][et_pb_text _builder_version=&#8221;4.26.1&#8243; _module_preset=&#8221;default&#8221; text_font=&#8221;|700|||||||&#8221; text_font_size=&#8221;30px&#8221; text_line_height=&#8221;2em&#8221; header_font=&#8221;|700|||||||&#8221; header_font_size=&#8221;50px&#8221; header_line_height=&#8221;1.1em&#8221; text_orientation=&#8221;center&#8221; background_layout=&#8221;dark&#8221; custom_margin=&#8221;170px||||false|false&#8221; global_colors_info=&#8221;{}&#8221;]<\/p>\n<p class=\"c-hero__label\">KYMCO<\/p>\n<h1 class=\"c-hero__title c-title\">Ve\u010d kot 50 let obstoja<\/h1>\n<p>[\/et_pb_text][\/et_pb_column][\/et_pb_row][\/et_pb_section][et_pb_section fb_built=&#8221;1&#8243; _builder_version=&#8221;4.24.2&#8243; _module_preset=&#8221;default&#8221; global_colors_info=&#8221;{}&#8221;][et_pb_row _builder_version=&#8221;4.27.0&#8243; _module_preset=&#8221;default&#8221; global_colors_info=&#8221;{}&#8221;][et_pb_column type=&#8221;4_4&#8243; _builder_version=&#8221;4.27.0&#8243; _module_preset=&#8221;default&#8221; global_colors_info=&#8221;{}&#8221;][et_pb_text _builder_version=&#8221;4.27.0&#8243; _module_preset=&#8221;default&#8221; global_colors_info=&#8221;{}&#8221;]<\/p>\n<h2 style=\"text-align: center;\">Kymco Video<\/h2>\n<p>[\/et_pb_text][et_pb_video src=&#8221;https:\/\/www.youtube.com\/watch?v=eMz-Dbzv9nA&#8221; _builder_version=&#8221;4.27.0&#8243; _module_preset=&#8221;default&#8221; global_colors_info=&#8221;{}&#8221;][\/et_pb_video][\/et_pb_column][\/et_pb_row][et_pb_row column_structure=&#8221;1_2,1_2&#8243; _builder_version=&#8221;4.24.2&#8243; _module_preset=&#8221;default&#8221; custom_margin=&#8221;50px||||false|false&#8221; global_colors_info=&#8221;{}&#8221;][et_pb_column type=&#8221;1_2&#8243; _builder_version=&#8221;4.24.2&#8243; _module_preset=&#8221;default&#8221; global_colors_info=&#8221;{}&#8221;][et_pb_text _builder_version=&#8221;4.26.1&#8243; _module_preset=&#8221;default&#8221; header_2_font=&#8221;|600|||||||&#8221; header_2_text_color=&#8221;#E02B20&#8243; header_2_font_size=&#8221;20px&#8221; header_3_font=&#8221;|700|||||||&#8221; header_3_font_size=&#8221;30px&#8221; header_3_line_height=&#8221;1.5em&#8221; global_colors_info=&#8221;{}&#8221;]<\/p>\n<h2>OD 1963<\/h2>\n<h3>Edinstvena strokovnost<\/h3>\n<p>Od svoje ustanovitve leta 1963 je Kymco del velikih prizori\u0161\u010d. Prvo dejanje ustanovitve: prenos tehnologije s skupino Honda. Japonska znamka je potrebovala zanesljivega proizvajalca, opremljenega z znanjem, ki ustreza njihovim zahtevam za monta\u017eo skuterjev, prodanih na mednarodni ravni. To partnerstvo je Kymco postavilo v ospredje.    <\/p>\n<p>Po popolni osamosvojitvi v 90-ih letih znamka od takrat samostojno ponuja celoten spekter motornih vozil (skuterji, motorji, quad\/ATV).<\/p>\n<p>&nbsp;<\/p>\n<p>[\/et_pb_text][\/et_pb_column][et_pb_column type=&#8221;1_2&#8243; _builder_version=&#8221;4.24.2&#8243; _module_preset=&#8221;default&#8221; global_colors_info=&#8221;{}&#8221;][et_pb_image src=&#8221;https:\/\/kymco.hr\/wp-content\/uploads\/2024\/03\/o_kymcu_slika_1.webp&#8221; title_text=&#8221;o_kymcu_slika_1&#8243; _builder_version=&#8221;4.24.2&#8243; _module_preset=&#8221;default&#8221; global_colors_info=&#8221;{}&#8221;][\/et_pb_image][\/et_pb_column][\/et_pb_row][et_pb_row column_structure=&#8221;1_3,1_3,1_3&#8243; _builder_version=&#8221;4.24.2&#8243; _module_preset=&#8221;default&#8221; custom_margin=&#8221;100px||||false|false&#8221; global_colors_info=&#8221;{}&#8221;][et_pb_column type=&#8221;1_3&#8243; _builder_version=&#8221;4.24.2&#8243; _module_preset=&#8221;default&#8221; global_colors_info=&#8221;{}&#8221;][et_pb_number_counter title=&#8221;izku\u0161nje&#8221; number=&#8221;60&#8243; percent_sign=&#8221;off&#8221; _builder_version=&#8221;4.26.1&#8243; _module_preset=&#8221;default&#8221; number_font=&#8221;|600|||||||&#8221; number_text_color=&#8221;#E02B20&#8243; text_orientation=&#8221;left&#8221; custom_padding=&#8221;|||30px|false|false&#8221; custom_css_free_form=&#8221;selector .percent-value::after{||  content: %22godina%22;||  font-size: 20px;||  color: #333||}&#8221; border_color_all=&#8221;#d6d6d6&#8243; border_width_left=&#8221;1px&#8221; global_colors_info=&#8221;{}&#8221; border_color_left__hover_enabled=&#8221;on|desktop&#8221;][\/et_pb_number_counter][\/et_pb_column][et_pb_column type=&#8221;1_3&#8243; _builder_version=&#8221;4.24.2&#8243; _module_preset=&#8221;default&#8221; global_colors_info=&#8221;{}&#8221;][et_pb_number_counter title=&#8221;partnerji KYMCO-ja&#8221; number=&#8221;100&#8243; percent_sign=&#8221;off&#8221; _builder_version=&#8221;4.26.1&#8243; _module_preset=&#8221;default&#8221; number_font=&#8221;|600|||||||&#8221; number_text_color=&#8221;#E02B20&#8243; text_orientation=&#8221;left&#8221; custom_padding=&#8221;|||30px|false|false&#8221; border_color_all=&#8221;#d6d6d6&#8243; border_width_left=&#8221;1px&#8221; global_colors_info=&#8221;{}&#8221; border_color_left__hover_enabled=&#8221;on|desktop&#8221;][\/et_pb_number_counter][\/et_pb_column][et_pb_column type=&#8221;1_3&#8243; _builder_version=&#8221;4.24.2&#8243; _module_preset=&#8221;default&#8221; global_colors_info=&#8221;{}&#8221;][et_pb_number_counter title=&#8221;prodana vozila&#8221; number=&#8221;10&#8243; percent_sign=&#8221;off&#8221; _builder_version=&#8221;4.26.1&#8243; _module_preset=&#8221;default&#8221; number_font=&#8221;|600|||||||&#8221; number_text_color=&#8221;#E02B20&#8243; text_orientation=&#8221;left&#8221; custom_padding=&#8221;|||30px|false|false&#8221; custom_css_free_form=&#8221;selector .percent-value::after{||  content: %22milijuna%22;||  font-size: 20px;||  color: #333||}&#8221; border_color_all=&#8221;#d6d6d6&#8243; border_width_left=&#8221;1px&#8221; global_colors_info=&#8221;{}&#8221; border_color_left__hover_enabled=&#8221;on|desktop&#8221;][\/et_pb_number_counter][\/et_pb_column][\/et_pb_row][et_pb_row column_structure=&#8221;1_2,1_2&#8243; make_equal=&#8221;on&#8221; _builder_version=&#8221;4.24.2&#8243; _module_preset=&#8221;default&#8221; custom_margin=&#8221;100px||||false|false&#8221; custom_css_free_form=&#8221;selector{||  align-items: center;||}&#8221; global_colors_info=&#8221;{}&#8221;][et_pb_column type=&#8221;1_2&#8243; _builder_version=&#8221;4.24.2&#8243; _module_preset=&#8221;default&#8221; global_colors_info=&#8221;{}&#8221;][et_pb_image src=&#8221;https:\/\/kymco.hr\/wp-content\/uploads\/2024\/03\/o_kymcu_slika_2.webp&#8221; title_text=&#8221;o_kymcu_slika_2&#8243; _builder_version=&#8221;4.24.2&#8243; _module_preset=&#8221;default&#8221; global_colors_info=&#8221;{}&#8221;][\/et_pb_image][\/et_pb_column][et_pb_column type=&#8221;1_2&#8243; _builder_version=&#8221;4.24.2&#8243; _module_preset=&#8221;default&#8221; global_colors_info=&#8221;{}&#8221;][et_pb_text _builder_version=&#8221;4.26.1&#8243; _module_preset=&#8221;default&#8221; global_colors_info=&#8221;{}&#8221;]<\/p>\n<p>V nekaj manj kot 60 letih obstoja KYMCO proizvaja ve\u010d kot 600.000 vozil letno in je prodal ve\u010d kot 10 milijonov vozil v 100 dr\u017eavah.<\/p>\n<p>Pravi nacionalni ponos, tajvanska znamka zavzema skoraj 40 % registracij na doma\u010dem trgu. Ta uspeh je mogo\u010de pojasniti z njegovo dinamiko, kakovostjo izdelkov, visoko stopnjo inovacij in dostopnimi cenami za \u0161irok krog kupcev. <\/p>\n<p>[\/et_pb_text][\/et_pb_column][\/et_pb_row][et_pb_row _builder_version=&#8221;4.24.2&#8243; _module_preset=&#8221;default&#8221; custom_margin=&#8221;100px||||false|false&#8221; global_colors_info=&#8221;{}&#8221;][et_pb_column type=&#8221;4_4&#8243; _builder_version=&#8221;4.24.2&#8243; _module_preset=&#8221;default&#8221; global_colors_info=&#8221;{}&#8221;][et_pb_text _builder_version=&#8221;4.27.0&#8243; _module_preset=&#8221;default&#8221; header_2_font=&#8221;|600|||||||&#8221; header_2_text_color=&#8221;#E02B20&#8243; header_2_font_size=&#8221;20px&#8221; header_3_font=&#8221;|700|||||||&#8221; header_3_font_size=&#8221;30px&#8221; header_3_line_height=&#8221;1.5em&#8221; text_orientation=&#8221;center&#8221; width=&#8221;50%&#8221; module_alignment=&#8221;center&#8221; hover_enabled=&#8221;0&#8243; global_colors_info=&#8221;{}&#8221; width_last_edited=&#8221;on|phone&#8221; width_phone=&#8221;100%&#8221; sticky_enabled=&#8221;0&#8243; width_tablet=&#8221;50%&#8221;]<\/p>\n<h2>STRATEGIJA<\/h2>\n<h3>Strate\u0161ka partnerstva<\/h3>\n<p>Drugi veliki proizvajalci niso zgre\u0161ili. Po Hondi je Kymco sklenil \u0161tevilna partnerstva in tehnolo\u0161ke izmenjave, med drugim s Kawasaki (2009), BMW za njihove skuterje (2007) ter celo za svoj model elektri\u010dnega avtomobila i3 (2013), Tectrom Arctic Cat za svojo serijo quad in SSV (2000) ter pred kratkim s Harleyjem Davidsonom. <\/p>\n<p>&nbsp;<\/p>\n<p>[\/et_pb_text][et_pb_image src=&#8221;https:\/\/kymco.hr\/wp-content\/uploads\/2024\/03\/o_kymcu_slika_3.webp&#8221; title_text=&#8221;o_kymcu_slika_3&#8243; align=&#8221;center&#8221; _builder_version=&#8221;4.24.2&#8243; _module_preset=&#8221;default&#8221; global_colors_info=&#8221;{}&#8221;][\/et_pb_image][\/et_pb_column][\/et_pb_row][et_pb_row column_structure=&#8221;1_2,1_2&#8243; make_equal=&#8221;on&#8221; _builder_version=&#8221;4.24.2&#8243; _module_preset=&#8221;default&#8221; custom_margin=&#8221;100px||||false|false&#8221; custom_css_free_form=&#8221;selector{||  align-items: center;||}&#8221; global_colors_info=&#8221;{}&#8221;][et_pb_column type=&#8221;1_2&#8243; _builder_version=&#8221;4.24.2&#8243; _module_preset=&#8221;default&#8221; global_colors_info=&#8221;{}&#8221;][et_pb_text _builder_version=&#8221;4.26.1&#8243; _module_preset=&#8221;default&#8221; global_colors_info=&#8221;{}&#8221;]<\/p>\n<p>Konec leta 2021 sta Harley Davidson in KYMCO napovedala partnerstvo za znamko elektri\u010dnih motorjev Livewire. <\/p>\n<p>Logi\u010dna povezava za KYMCO. \u017de vrsto let znamka vlaga v raziskave in razvoj, da bi razvila ambiciozen na\u010drt elektri\u010dnih vozil, zdru\u017eenih pod imenom &#8220;iOnex&#8221;. Strategija, ki si prizadeva, da bi s\u010dasoma pre\u0161la izklju\u010dno iz termi\u010dnih vozil in strankam ponudila okolju prijaznej\u0161o mobilnost. Tako kot KYMCO tudi Harley Davidson verjame v prihodnost elektri\u010dnih vozil. Nenazadnje je KYMCO, tako kot Harley Davidson, znamka, ki izstopa in gre tja, kjer ni vedno pri\u010dakovano&#8230;    <\/p>\n<p>[\/et_pb_text][\/et_pb_column][et_pb_column type=&#8221;1_2&#8243; _builder_version=&#8221;4.24.2&#8243; _module_preset=&#8221;default&#8221; global_colors_info=&#8221;{}&#8221;][et_pb_image src=&#8221;https:\/\/kymco.hr\/wp-content\/uploads\/2024\/03\/o_kymcu_slika_4.webp&#8221; title_text=&#8221;o_kymcu_slika_4&#8243; _builder_version=&#8221;4.24.2&#8243; _module_preset=&#8221;default&#8221; global_colors_info=&#8221;{}&#8221;][\/et_pb_image][\/et_pb_column][\/et_pb_row][\/et_pb_section][et_pb_section fb_built=&#8221;1&#8243; _builder_version=&#8221;4.24.2&#8243; _module_preset=&#8221;default&#8221; background_color=&#8221;#13131c&#8221; global_colors_info=&#8221;{}&#8221;][et_pb_row column_structure=&#8221;1_2,1_2&#8243; make_equal=&#8221;on&#8221; _builder_version=&#8221;4.24.2&#8243; _module_preset=&#8221;default&#8221; custom_margin=&#8221;||||false|false&#8221; custom_css_free_form=&#8221;selector{||  align-items: center;||}&#8221; global_colors_info=&#8221;{}&#8221;][et_pb_column type=&#8221;1_2&#8243; _builder_version=&#8221;4.24.2&#8243; _module_preset=&#8221;default&#8221; global_colors_info=&#8221;{}&#8221;][et_pb_image src=&#8221;https:\/\/kymco.hr\/wp-content\/uploads\/2024\/03\/o_kymcu_slika_5.webp&#8221; title_text=&#8221;o_kymcu_slika_5&#8243; _builder_version=&#8221;4.24.2&#8243; _module_preset=&#8221;default&#8221; global_colors_info=&#8221;{}&#8221;][\/et_pb_image][\/et_pb_column][et_pb_column type=&#8221;1_2&#8243; _builder_version=&#8221;4.24.2&#8243; _module_preset=&#8221;default&#8221; global_colors_info=&#8221;{}&#8221;][et_pb_text _builder_version=&#8221;4.26.1&#8243; _module_preset=&#8221;default&#8221; header_2_font=&#8221;|600|||||||&#8221; header_2_text_color=&#8221;#E02B20&#8243; header_2_font_size=&#8221;20px&#8221; header_3_font=&#8221;|700|||||||&#8221; header_3_font_size=&#8221;30px&#8221; header_3_line_height=&#8221;1.5em&#8221; background_layout=&#8221;dark&#8221; global_colors_info=&#8221;{}&#8221;]<\/p>\n<h2>RAZISKAVE IN RAZVOJ<\/h2>\n<h3>Na \u010delu inovacij<\/h3>\n<p>Leta 2011 se je vodja KYMCO-a, Allen Ko, odlo\u010dil, da mora KYMCO vstopiti v sektor elektri\u010dnih vozil. Ta usmeritev se je leta 2018 uresni\u010dila z linijo iOnex. Zdaj skupina ponuja \u0161tevilna dekarbonizirana vozila, polnilne postaje in sistem zamenljivih baterij. \u010ceprav so v Evropi \u0161e vedno redka, elektri\u010dna vozila KYMCO postopoma prihajajo na trg.    <\/p>\n<p>Na\u010din odziva na podnebne izzive, zagotavljanje lokalnih storitev za stranke in, predvsem, izumljanje prihodnosti mobilnosti.<\/p>\n<p>&nbsp;<\/p>\n<p>[\/et_pb_text][\/et_pb_column][\/et_pb_row][\/et_pb_section]<\/p>\n","protected":false},"excerpt":{"rendered":"<p>KYMCO Ve\u010d kot 50 let obstojaKymco VideoOD 1963 Edinstvena strokovnost Od svoje ustanovitve leta 1963 je Kymco del velikih prizori\u0161\u010d. Prvo dejanje ustanovitve: prenos tehnologije s skupino Honda. Japonska znamka je potrebovala zanesljivega proizvajalca, opremljenega z znanjem, ki ustreza njihovim zahtevam za monta\u017eo skuterjev, prodanih na mednarodni ravni. To partnerstvo je Kymco postavilo v ospredje. Po popolni osamosvojitvi v 90-ih letih znamka od takrat samostojno ponuja celoten spekter motornih vozil (skuterji, motorji, quad\/ATV). &nbsp;V nekaj manj kot 60 letih obstoja KYMCO proizvaja ve\u010d kot 600.000 vozil letno in je prodal ve\u010d kot 10 milijonov vozil v 100 dr\u017eavah. Pravi nacionalni ponos, tajvanska znamka zavzema skoraj 40 % registracij na doma\u010dem trgu. Ta uspeh je mogo\u010de pojasniti z njegovo dinamiko, kakovostjo izdelkov, visoko stopnjo inovacij in dostopnimi cenami za \u0161irok krog kupcev. STRATEGIJA Strate\u0161ka partnerstva Drugi veliki proizvajalci niso zgre\u0161ili. Po Hondi je Kymco sklenil \u0161tevilna partnerstva in tehnolo\u0161ke izmenjave, med drugim s Kawasaki (2009), BMW za njihove skuterje (2007) ter celo za svoj model elektri\u010dnega avtomobila i3 (2013), Tectrom Arctic Cat za svojo serijo quad in SSV (2000) ter pred kratkim s Harleyjem Davidsonom. &nbsp;Konec leta 2021 sta Harley Davidson in KYMCO napovedala partnerstvo za znamko elektri\u010dnih motorjev Livewire. Logi\u010dna [&hellip;]<\/p>\n","protected":false},"author":2,"featured_media":0,"parent":0,"menu_order":0,"comment_status":"closed","ping_status":"closed","template":"","meta":{"_acf_changed":false,"_et_pb_use_builder":"on","_et_pb_old_content":"","_et_gb_content_width":"","footnotes":""},"class_list":["post-366877","page","type-page","status-publish","hentry"],"acf":[],"_links":{"self":[{"href":"https:\/\/kymco.hr\/sl\/wp-json\/wp\/v2\/pages\/366877","targetHints":{"allow":["GET"]}}],"collection":[{"href":"https:\/\/kymco.hr\/sl\/wp-json\/wp\/v2\/pages"}],"about":[{"href":"https:\/\/kymco.hr\/sl\/wp-json\/wp\/v2\/types\/page"}],"author":[{"embeddable":true,"href":"https:\/\/kymco.hr\/sl\/wp-json\/wp\/v2\/users\/2"}],"replies":[{"embeddable":true,"href":"https:\/\/kymco.hr\/sl\/wp-json\/wp\/v2\/comments?post=366877"}],"version-history":[{"count":2,"href":"https:\/\/kymco.hr\/sl\/wp-json\/wp\/v2\/pages\/366877\/revisions"}],"predecessor-version":[{"id":366879,"href":"https:\/\/kymco.hr\/sl\/wp-json\/wp\/v2\/pages\/366877\/revisions\/366879"}],"wp:attachment":[{"href":"https:\/\/kymco.hr\/sl\/wp-json\/wp\/v2\/media?parent=366877"}],"curies":[{"name":"wp","href":"https:\/\/api.w.org\/{rel}","templated":true}]}}