{"id":366867,"date":"2024-03-20T18:55:42","date_gmt":"2024-03-20T18:55:42","guid":{"rendered":"https:\/\/kymco.adriabox.com\/o-nas\/"},"modified":"2025-01-06T13:09:58","modified_gmt":"2025-01-06T13:09:58","slug":"o-nas","status":"publish","type":"page","link":"https:\/\/kymco.hr\/sl\/o-nas\/","title":{"rendered":"O nas"},"content":{"rendered":"<p>[et_pb_section fb_built=&#8221;1&#8243; _builder_version=&#8221;4.24.2&#8243; _module_preset=&#8221;default&#8221; background_enable_color=&#8221;off&#8221; background_image=&#8221;https:\/\/kymco.hr\/wp-content\/uploads\/2024\/03\/o_nama_banner.webp&#8221; custom_padding=&#8221;30px||100px||false|false&#8221; locked=&#8221;off&#8221; global_colors_info=&#8221;{}&#8221;][et_pb_row _builder_version=&#8221;4.24.2&#8243; _module_preset=&#8221;default&#8221; custom_margin=&#8221;||||false|false&#8221; custom_padding=&#8221;0px||||false|false&#8221; global_colors_info=&#8221;{}&#8221;][et_pb_column type=&#8221;4_4&#8243; _builder_version=&#8221;4.24.2&#8243; _module_preset=&#8221;default&#8221; global_colors_info=&#8221;{}&#8221;][et_pb_text _builder_version=&#8221;4.24.2&#8243; _module_preset=&#8221;default&#8221; text_font=&#8221;||||||||&#8221; text_font_size=&#8221;13px&#8221; global_colors_info=&#8221;{}&#8221;]<\/p>\n<p><span class=\"c-breadcrumb__label\"><span style=\"color: #808080;\"><span style=\"color: #999999;\"><a href=\"https:\/\/kymco.si\/\" style=\"color: #999999;\" target=\"_blank\" rel=\"noopener\">Dobrodo\u0161li<\/a><\/span><\/span><span style=\"color: #ffffff;\">&gt; O nas<\/span><\/span><\/p>\n<p>[\/et_pb_text][et_pb_text _builder_version=&#8221;4.24.2&#8243; _module_preset=&#8221;default&#8221; text_font=&#8221;|700|||||||&#8221; text_font_size=&#8221;30px&#8221; text_line_height=&#8221;2em&#8221; header_font=&#8221;|700|||||||&#8221; header_font_size=&#8221;50px&#8221; header_line_height=&#8221;1.1em&#8221; text_orientation=&#8221;center&#8221; background_layout=&#8221;dark&#8221; custom_margin=&#8221;70px||||false|false&#8221; global_colors_info=&#8221;{}&#8221;]<\/p>\n<p class=\"c-hero__label\">O nas<\/p>\n<h1 class=\"c-hero__label\">KRK MOTO<\/h1>\n<p>[\/et_pb_text][\/et_pb_column][\/et_pb_row][\/et_pb_section][et_pb_section fb_built=&#8221;1&#8243; _builder_version=&#8221;4.24.2&#8243; _module_preset=&#8221;default&#8221; global_colors_info=&#8221;{}&#8221;][et_pb_row _builder_version=&#8221;4.24.2&#8243; _module_preset=&#8221;default&#8221; global_colors_info=&#8221;{}&#8221;][et_pb_column type=&#8221;4_4&#8243; _builder_version=&#8221;4.24.2&#8243; _module_preset=&#8221;default&#8221; global_colors_info=&#8221;{}&#8221;][et_pb_image src=&#8221;https:\/\/kymco.hr\/wp-content\/uploads\/2024\/03\/o_nama_logo.webp&#8221; title_text=&#8221;o_nama_logo&#8221; align=&#8221;center&#8221; _builder_version=&#8221;4.24.2&#8243; _module_preset=&#8221;default&#8221; hover_enabled=&#8221;0&#8243; global_colors_info=&#8221;{}&#8221; sticky_enabled=&#8221;0&#8243;][\/et_pb_image][et_pb_text _builder_version=&#8221;4.27.0&#8243; _module_preset=&#8221;default&#8221; text_orientation=&#8221;center&#8221; width=&#8221;60%&#8221; module_alignment=&#8221;center&#8221; hover_enabled=&#8221;0&#8243; global_colors_info=&#8221;{}&#8221; custom_margin_last_edited=&#8221;off|phone&#8221; custom_padding=&#8221;|||||false&#8221; custom_padding_last_edited=&#8221;off|phone&#8221; sticky_enabled=&#8221;0&#8243; width_last_edited=&#8221;on|phone&#8221; width_phone=&#8221;100%&#8221; width_tablet=&#8221;60%&#8221;]<\/p>\n<p>\u017de davnega leta 1996 smo se po naklju\u010dju in dobesedno iz hobija za\u010deli ukvarjati s prodajo skuterjev. Po prvih poskusih, pri katerih smo ugotovili, da ne moremo prodajati ne\u010desa, v kar ne verjamemo, smo \u017ee razmi\u0161ljali o opustitvi dela, s katerim smo tako zagnano za\u010deli. Spet po naklju\u010dju smo pri\u0161li do proizvajalca, ki je bil na Hrva\u0161kem in v ve\u010dini evropskih dr\u017eav neznan, vendar so bila njegova vozila med redkimi poznavalci znana kot ultra zanesljiva in dobesedno neuni\u010dljiva. Ti so Kymco toplo priporo\u010dili in poudarili, da bo te\u017eko in dolgotrajno, vendar izvedljivo, to tajvansko znamko pribli\u017eati na\u0161im kupcem.   <\/p>\n<p>[\/et_pb_text][\/et_pb_column][\/et_pb_row][\/et_pb_section][et_pb_section fb_built=&#8221;1&#8243; use_custom_gutter=&#8221;on&#8221; gutter_width=&#8221;2&#8243; specialty=&#8221;on&#8221; _builder_version=&#8221;4.24.2&#8243; _module_preset=&#8221;default&#8221; custom_padding=&#8221;0px||||false|false&#8221; global_colors_info=&#8221;{}&#8221;][et_pb_column type=&#8221;1_2&#8243; _builder_version=&#8221;4.16&#8243; custom_padding=&#8221;|||&#8221; global_colors_info=&#8221;{}&#8221; custom_padding__hover=&#8221;|||&#8221;][et_pb_text _builder_version=&#8221;4.24.2&#8243; _module_preset=&#8221;default&#8221; global_colors_info=&#8221;{}&#8221;]<\/p>\n<p>Tako smo v prvem letu kupili 12 skuterjev in prodali 9, kar nam je pustilo zalogo treh skuterjev ter prineslo mnogo neprespanih no\u010di tiste zime, ko smo skrbeli za dru\u017einske prihranke, ki smo jih investirali. Vendar se je zgodilo to, kar se nam dogaja vseh teh let \u2013 ustno priporo\u010dilo zadovoljnih lastnikov Kymco vozil je opravilo svoje, in ne le, da smo prodali skrb zbujajo\u010do zalogo treh skuterjev, ampak smo \u017ee v naslednji sezoni potrojili prodajo. <\/p>\n<p>Kako se je krog zadovoljnih voznikov \u0161iril, se je pove\u010devala tudi prodaja, pa tudi na\u0161e zadovoljstvo in ponos na opravljeno delo. Korak za korakom lahko re\u010demo, da smo Kymco pribli\u017eali hrva\u0161kim kupcem, katerih je \u017ee ve\u010d kot 8.000, za kar je najve\u010d zaslu\u017ena na\u0161a skrbno izbrana distribucijsko-servisna mre\u017ea z ve\u010d kot 40 partnerji, ki zagotavlja podporo, kakr\u0161no na Hrva\u0161kem redko kdo lahko ponudi, in ki zagotavlja podporo v vsakem koti\u010dku na\u0161e dr\u017eave. Seveda, \u010de vas pot zanese \u010dez mejo, ni te\u017eav, saj se samo v Evropi Kymco prodaja v skoraj 30 dr\u017eavah \ud83d\ude42  <\/p>\n<p>[\/et_pb_text][\/et_pb_column][et_pb_column type=&#8221;1_2&#8243; specialty_columns=&#8221;2&#8243; _builder_version=&#8221;4.16&#8243; custom_padding=&#8221;|||&#8221; global_colors_info=&#8221;{}&#8221; custom_padding__hover=&#8221;|||&#8221;][et_pb_row_inner column_structure=&#8221;1_2,1_2&#8243; _builder_version=&#8221;4.24.2&#8243; _module_preset=&#8221;default&#8221; global_colors_info=&#8221;{}&#8221;][et_pb_column_inner type=&#8221;1_2&#8243; saved_specialty_column_type=&#8221;1_2&#8243; _builder_version=&#8221;4.24.2&#8243; _module_preset=&#8221;default&#8221; global_colors_info=&#8221;{}&#8221;][et_pb_image src=&#8221;https:\/\/kymco.hr\/wp-content\/uploads\/2024\/03\/o_nama_slika_1.webp&#8221; title_text=&#8221;o_nama_slika_1&#8243; _builder_version=&#8221;4.24.2&#8243; _module_preset=&#8221;default&#8221; global_colors_info=&#8221;{}&#8221;][\/et_pb_image][et_pb_image src=&#8221;https:\/\/kymco.hr\/wp-content\/uploads\/2024\/03\/o_nama_slika_3.webp&#8221; title_text=&#8221;o_nama_slika_3&#8243; _builder_version=&#8221;4.24.2&#8243; _module_preset=&#8221;default&#8221; global_colors_info=&#8221;{}&#8221;][\/et_pb_image][\/et_pb_column_inner][et_pb_column_inner type=&#8221;1_2&#8243; saved_specialty_column_type=&#8221;1_2&#8243; _builder_version=&#8221;4.24.2&#8243; _module_preset=&#8221;default&#8221; global_colors_info=&#8221;{}&#8221;][et_pb_image src=&#8221;https:\/\/kymco.hr\/wp-content\/uploads\/2024\/03\/o_nama_slika_2.webp&#8221; title_text=&#8221;o_nama_slika_2&#8243; _builder_version=&#8221;4.24.2&#8243; _module_preset=&#8221;default&#8221; global_colors_info=&#8221;{}&#8221;][\/et_pb_image][et_pb_image src=&#8221;https:\/\/kymco.hr\/wp-content\/uploads\/2024\/03\/o_nama_slika_4.webp&#8221; title_text=&#8221;o_nama_slika_4&#8243; _builder_version=&#8221;4.24.2&#8243; _module_preset=&#8221;default&#8221; global_colors_info=&#8221;{}&#8221;][\/et_pb_image][\/et_pb_column_inner][\/et_pb_row_inner][\/et_pb_column][\/et_pb_section][et_pb_section fb_built=&#8221;1&#8243; _builder_version=&#8221;4.27.0&#8243; _module_preset=&#8221;default&#8221; hover_enabled=&#8221;0&#8243; global_colors_info=&#8221;{}&#8221; custom_margin_last_edited=&#8221;off|phone&#8221; custom_margin_phone=&#8221;||||false|false&#8221; sticky_enabled=&#8221;0&#8243; custom_padding_last_edited=&#8221;on|phone&#8221; custom_padding_phone=&#8221;0px||||false|false&#8221;][et_pb_row column_structure=&#8221;1_2,1_2&#8243; make_equal=&#8221;on&#8221; _builder_version=&#8221;4.27.0&#8243; _module_preset=&#8221;default&#8221; hover_enabled=&#8221;0&#8243; custom_css_free_form=&#8221;selector{||  align-items:center;||}&#8221; global_colors_info=&#8221;{}&#8221; custom_css_main_element_last_edited=&#8221;on|phone&#8221; custom_css_main_element_phone=&#8221;display:flex;||flex-direction:column-reverse;&#8221; sticky_enabled=&#8221;0&#8243;][et_pb_column type=&#8221;1_2&#8243; _builder_version=&#8221;4.24.2&#8243; _module_preset=&#8221;default&#8221; global_colors_info=&#8221;{}&#8221;][et_pb_image src=&#8221;https:\/\/kymco.hr\/wp-content\/uploads\/2024\/03\/o_nama_dod_slika.webp&#8221; title_text=&#8221;o_nama_dod_slika&#8221; _builder_version=&#8221;4.27.0&#8243; _module_preset=&#8221;default&#8221; hover_enabled=&#8221;0&#8243; global_colors_info=&#8221;{}&#8221; custom_margin_last_edited=&#8221;on|phone&#8221; custom_margin_phone=&#8221;30px||||false|false&#8221; sticky_enabled=&#8221;0&#8243;][\/et_pb_image][\/et_pb_column][et_pb_column type=&#8221;1_2&#8243; _builder_version=&#8221;4.24.2&#8243; _module_preset=&#8221;default&#8221; global_colors_info=&#8221;{}&#8221;][et_pb_text _builder_version=&#8221;4.24.2&#8243; _module_preset=&#8221;default&#8221; global_colors_info=&#8221;{}&#8221;]<\/p>\n<p><span>S svojo zgodbo s Kymcom poznamo le stalen napredek v kakovosti, oblikovanju in pristopu k delu, zato ne dvomimo, da je prihodnost za Kymco zagotovljena. Nenazadnje ni brez razloga, da je slavni avanturist <span style=\"color: #333333;\"><a href=\"https:\/\/www.gerry.as\/\" style=\"color: #333333;\" target=\"_blank\" rel=\"noopener\"><strong>Gerry Mayr<\/strong><\/a><\/span> (<span style=\"color: #333333;\"><a href=\"https:\/\/www.gerry.as\/\" style=\"color: #333333;\" target=\"_blank\" rel=\"noopener\"><strong>www.gerry.as<\/strong><\/a><\/span>) izbral prav Kymco za vozila, ki mu bodo pri mnogih potovanjih pomagala, da se ve\u010dkrat vpi\u0161e v Guinnessovo knjigo rekordov, zahvaljujo\u010d najdalj\u0161i vo\u017enji s \u0161tirikolesnikom, ko je leta 2005 prevozil 13.519 km skozi 18 evropskih prestolnic na \u2013 uganete \u017ee \u2013 vozilu Kymco MXU 250 ATV!  <\/span><\/p>\n<p>Ker menimo, da se vedno lahko in mora bolje, smo tudi mi pripravljeni in odprti za nadaljnje delo na na\u0161i prodajno-servisni mre\u017ei, kar nam je zdaj \u017ee precej olaj\u0161ano, saj se le redki lahko pohvalijo s referen\u010dnim seznamom, kot je na\u0161, z izku\u0161njami v poslu, kot so na\u0161e, in z veliko paleto izdelkov, kot jo ponuja Kymco, ki ga najbolje opisuje slogan \u201c<strong>BETTER THAN BEST!<\/strong>\u201d (<strong>Bolj\u0161i od najbolj\u0161ih<\/strong>)!<\/p>\n<p>[\/et_pb_text][\/et_pb_column][\/et_pb_row][et_pb_row _builder_version=&#8221;4.24.2&#8243; _module_preset=&#8221;default&#8221; global_colors_info=&#8221;{}&#8221;][et_pb_column type=&#8221;4_4&#8243; _builder_version=&#8221;4.24.2&#8243; _module_preset=&#8221;default&#8221; global_colors_info=&#8221;{}&#8221;][et_pb_text _builder_version=&#8221;4.27.0&#8243; _module_preset=&#8221;default&#8221; text_orientation=&#8221;center&#8221; width=&#8221;60%&#8221; module_alignment=&#8221;center&#8221; hover_enabled=&#8221;0&#8243; global_colors_info=&#8221;{}&#8221; width_last_edited=&#8221;on|phone&#8221; width_phone=&#8221;100%&#8221; sticky_enabled=&#8221;0&#8243; width_tablet=&#8221;60%&#8221;]<\/p>\n<p>Ponosni na jubilej in prvih 25 let prisotnosti na trgu smo prepri\u010dani, da smo na pravi poti, saj Kymco danes, tako kot prvi dan, ponuja dale\u010d najve\u010d za vlo\u017een denar \u2013 vrhunsko kakovost po dostopnih cenah, kar kupci prepoznavajo in iz dneva v dan vedno bolj cenijo.<\/p>\n<p>[\/et_pb_text][\/et_pb_column][\/et_pb_row][\/et_pb_section]<\/p>\n","protected":false},"excerpt":{"rendered":"<p>Dobrodo\u0161li&gt; O nasO nas KRK MOTO\u017de davnega leta 1996 smo se po naklju\u010dju in dobesedno iz hobija za\u010deli ukvarjati s prodajo skuterjev. Po prvih poskusih, pri katerih smo ugotovili, da ne moremo prodajati ne\u010desa, v kar ne verjamemo, smo \u017ee razmi\u0161ljali o opustitvi dela, s katerim smo tako zagnano za\u010deli. Spet po naklju\u010dju smo pri\u0161li do proizvajalca, ki je bil na Hrva\u0161kem in v ve\u010dini evropskih dr\u017eav neznan, vendar so bila njegova vozila med redkimi poznavalci znana kot ultra zanesljiva in dobesedno neuni\u010dljiva. Ti so Kymco toplo priporo\u010dili in poudarili, da bo te\u017eko in dolgotrajno, vendar izvedljivo, to tajvansko znamko pribli\u017eati na\u0161im kupcem. Tako smo v prvem letu kupili 12 skuterjev in prodali 9, kar nam je pustilo zalogo treh skuterjev ter prineslo mnogo neprespanih no\u010di tiste zime, ko smo skrbeli za dru\u017einske prihranke, ki smo jih investirali. Vendar se je zgodilo to, kar se nam dogaja vseh teh let \u2013 ustno priporo\u010dilo zadovoljnih lastnikov Kymco vozil je opravilo svoje, in ne le, da smo prodali skrb zbujajo\u010do zalogo treh skuterjev, ampak smo \u017ee v naslednji sezoni potrojili prodajo. Kako se je krog zadovoljnih voznikov \u0161iril, se je pove\u010devala tudi prodaja, pa tudi na\u0161e zadovoljstvo in ponos na opravljeno delo. [&hellip;]<\/p>\n","protected":false},"author":2,"featured_media":0,"parent":0,"menu_order":0,"comment_status":"closed","ping_status":"closed","template":"","meta":{"_acf_changed":false,"_et_pb_use_builder":"on","_et_pb_old_content":"","_et_gb_content_width":"","footnotes":""},"class_list":["post-366867","page","type-page","status-publish","hentry"],"acf":[],"_links":{"self":[{"href":"https:\/\/kymco.hr\/sl\/wp-json\/wp\/v2\/pages\/366867","targetHints":{"allow":["GET"]}}],"collection":[{"href":"https:\/\/kymco.hr\/sl\/wp-json\/wp\/v2\/pages"}],"about":[{"href":"https:\/\/kymco.hr\/sl\/wp-json\/wp\/v2\/types\/page"}],"author":[{"embeddable":true,"href":"https:\/\/kymco.hr\/sl\/wp-json\/wp\/v2\/users\/2"}],"replies":[{"embeddable":true,"href":"https:\/\/kymco.hr\/sl\/wp-json\/wp\/v2\/comments?post=366867"}],"version-history":[{"count":2,"href":"https:\/\/kymco.hr\/sl\/wp-json\/wp\/v2\/pages\/366867\/revisions"}],"predecessor-version":[{"id":366869,"href":"https:\/\/kymco.hr\/sl\/wp-json\/wp\/v2\/pages\/366867\/revisions\/366869"}],"wp:attachment":[{"href":"https:\/\/kymco.hr\/sl\/wp-json\/wp\/v2\/media?parent=366867"}],"curies":[{"name":"wp","href":"https:\/\/api.w.org\/{rel}","templated":true}]}}